{"id":182,"date":"2021-10-19T16:29:03","date_gmt":"2021-10-19T15:29:03","guid":{"rendered":"http:\/\/arestasdiretas.com\/?page_id=182"},"modified":"2021-10-26T23:26:14","modified_gmt":"2021-10-26T22:26:14","slug":"rent","status":"publish","type":"page","link":"https:\/\/arestasdiretas.com\/index.php\/rent\/","title":{"rendered":"RENT"},"content":{"rendered":"<div class=\"brz-root__container brz-reset-all\">\n<section data-uid=\"teeqquzdmjztayznpvsnymoquzcxkyegvxuf\" id=\"teeqquzdmjztayznpvsnymoquzcxkyegvxuf\" class=\"brz-section brz-css-xjvur\">\n<div class=\"brz-section__content brz-section--fullWidth brz-css-iscil brz-css-ybbvg\" data-custom-id=\"xidlunjedskjyzgpfwwzyzsydpxvkdbxlxto\">\n<div class=\"brz-bg\">\n<div class=\"brz-bg-image\"><\/div>\n<\/div>\n<div class=\"brz-container brz-css-sytes brz-css-ynqkf\"><\/div>\n<\/div>\n<\/section>\n<section data-uid=\"tssckvcxadohzoocmgwgzgiytcyktamogjym\" id=\"tssckvcxadohzoocmgwgzgiytcyktamogjym\" class=\"brz-section brz-css-xjvur\">\n<div class=\"brz-section__content brz-section--boxed brz-css-iscil brz-css-inkha\" data-custom-id=\"kwzqoanffsuccqvnivxfqxjasltdqbnekqav\">\n<div class=\"brz-container brz-css-sytes\">\n<div class=\"brz-css-gbvqd brz-wrapper\">\n<div class=\"brz-menu-simple brz-css-ygray brz-css-dkyyd\">\n<div style=\"min-height:20px\">\n<div class=\"menu-arestas-container\">\n<ul id=\"menu-arestas\" class=\"menu\">\n<li id=\"menu-item-69\" class=\"menu-item menu-item-type-post_type menu-item-object-page menu-item-home menu-item-69\"><a href=\"http:\/\/arestasdiretas.com\/\">ARESTAS DIRETAS<\/a><\/li>\n<li id=\"menu-item-68\" class=\"menu-item menu-item-type-post_type menu-item-object-page menu-item-68\"><a href=\"http:\/\/arestasdiretas.com\/index.php\/servicos\/\">SERVI\u00c7OS<\/a><\/li>\n<li id=\"menu-item-189\" class=\"menu-item menu-item-type-post_type menu-item-object-page current-menu-item page_item page-item-182 current_page_item menu-item-189\"><a href=\"http:\/\/arestasdiretas.com\/index.php\/rent\/\">RENT<\/a><\/li>\n<\/ul>\n<\/div>\n<\/div>\n<\/div>\n<\/div>\n<\/div>\n<\/div>\n<\/section>\n<section data-uid=\"ewmpnvmdjpknxwljadnnbfdbsltwpqlnedmg\" id=\"ewmpnvmdjpknxwljadnnbfdbsltwpqlnedmg\" class=\"brz-section brz-css-xjvur\">\n<div class=\"brz-section__content brz-section--boxed brz-css-iscil brz-css-somxs\" data-custom-id=\"uotdphikdqduhcckjqxenpzfohzxxbijgfwj\">\n<div class=\"brz-container brz-css-sytes\">\n<div class=\"brz-css-gbvqd brz-wrapper\">\n<div class=\"brz-rich-text brz-css-zoloa\" data-custom-id=\"erphiusabrholhwdgvqweyshjivftvuuoqzg\">\n<div>\n<p class=\"brz-css-rimqt\" data-uniq-id=\"noput\" data-generated-css=\"brz-css-dahaa\"><span>ARESTAS DIRETAS RENT | SOLU\u00c7\u00d5ES DE ALUGUER PARA A SUA OBRA<\/span><\/p>\n<\/div>\n<\/div>\n<\/div>\n<\/div>\n<\/div>\n<\/section>\n<section data-uid=\"oahijsbdxmyhilkwzeaajkpygekzjfxtelqb\" id=\"oahijsbdxmyhilkwzeaajkpygekzjfxtelqb\" class=\"brz-section brz-css-xjvur\">\n<div class=\"brz-section__content brz-section--boxed brz-css-iscil brz-css-hxjyu\" data-custom-id=\"bjbizpozwcpkezuacmnlibiscojmzwmqffcm\">\n<div class=\"brz-container brz-css-sytes\">\n<div class=\"brz-row__container brz-css-mxpjs\" data-custom-id=\"feegcqfupmbtmallzyblxjbkwlmpyirbbelg\">\n<div class=\"brz-row brz-css-iesmb brz-css-jelfz\">\n<div class=\"brz-columns brz-css-acjuy\" data-custom-id=\"iyhdvoaqcxvdnjxjdefpmljzcdbzyuhjgtly\">\n<div class=\"brz-column__items brz-css-sgqhi\">\n<div class=\"brz-css-gbvqd brz-wrapper\">\n<div class=\"brz-image brz-css-zwhmd brz-css-bjvgo\"><img class=\"brz-img brz-p-absolute\" src=\"http:\/\/arestasdiretas.com\/wp-content\/uploads\/brizy\/182\/assets\/images\/iW=561&amp;iH=561&amp;oX=3&amp;oY=0&amp;cW=555&amp;cH=561\/POST-FACE3.jpg\" alt=\"\" loading=\"lazy\" \/><\/div>\n<\/div>\n<div class=\"brz-css-gbvqd brz-css-karbl brz-css-zrxgd brz-wrapper\">\n<div class=\"brz-spacer brz-css-wzcpo brz-css-jstqb\"><\/div>\n<\/div>\n<\/div>\n<\/div>\n<div class=\"brz-columns brz-css-acjuy\" data-custom-id=\"snokqeidhowzqekbivyggeifpempdprgdzon\">\n<div class=\"brz-column__items brz-css-sgqhi\">\n<div class=\"brz-css-gbvqd brz-wrapper\">\n<div class=\"brz-image brz-css-wlokh brz-css-ueoxd\"><img class=\"brz-img brz-p-absolute\" src=\"http:\/\/arestasdiretas.com\/wp-content\/uploads\/brizy\/182\/assets\/images\/iW=561&amp;iH=561&amp;oX=3&amp;oY=0&amp;cW=555&amp;cH=561\/POST-FACE2.jpg\" alt=\"\" loading=\"lazy\" \/><\/div>\n<\/div>\n<div class=\"brz-css-gbvqd brz-css-karbl brz-css-ghvns brz-wrapper\">\n<div class=\"brz-spacer brz-css-wzcpo brz-css-elqlj\"><\/div>\n<\/div>\n<\/div>\n<\/div>\n<\/div>\n<\/div>\n<\/div>\n<\/div>\n<\/section>\n<section data-uid=\"pexrkvtvjyhhgxkbuqbtahmczkytmyhzwscc\" id=\"pexrkvtvjyhhgxkbuqbtahmczkytmyhzwscc\" class=\"brz-section brz-css-xjvur\">\n<div class=\"brz-section__content brz-section--boxed brz-css-iscil brz-css-edkgl\" data-custom-id=\"ketafwracbvgmzqfbxuqpjxivtwqkzemumau\">\n<div class=\"brz-container brz-css-sytes\">\n<div class=\"brz-row__container brz-css-mxpjs\" data-custom-id=\"fcbdiqucfniknkbheyzfcrysstoaemsrsemy\">\n<div class=\"brz-row brz-css-iesmb brz-css-jelfz\">\n<div class=\"brz-columns brz-css-acjuy\" data-custom-id=\"vnodybjltmxldjqibbbdgnsimminqkphuvtm\">\n<div class=\"brz-column__items brz-css-sgqhi\">\n<div class=\"brz-css-gbvqd brz-wrapper\">\n<div class=\"brz-image brz-css-otopb brz-css-krrkx\"><img class=\"brz-img brz-p-absolute\" src=\"http:\/\/arestasdiretas.com\/wp-content\/uploads\/brizy\/182\/assets\/images\/iW=561&amp;iH=561&amp;oX=3&amp;oY=0&amp;cW=555&amp;cH=561\/POST-FACE1.jpg\" alt=\"\" loading=\"lazy\" \/><\/div>\n<\/div>\n<div class=\"brz-css-gbvqd brz-css-karbl brz-css-vjqsq brz-wrapper\">\n<div class=\"brz-spacer brz-css-wzcpo brz-css-xypsm\"><\/div>\n<\/div>\n<\/div>\n<\/div>\n<div class=\"brz-columns brz-css-acjuy\" data-custom-id=\"pdhzsmaqkxinzvjgqburnjskgxjbwwlgqxvp\">\n<div class=\"brz-column__items brz-css-sgqhi\">\n<div class=\"brz-css-gbvqd brz-wrapper\">\n<div class=\"brz-image brz-css-ziczw brz-css-cimvh\"><img class=\"brz-img brz-p-absolute\" src=\"http:\/\/arestasdiretas.com\/?brizy_media=wp-1e7c50c5f9133db349f4f57a3263d08d.jpg&amp;brizy_crop=iW%3D561%26iH%3D561%26oX%3D3%26oY%3D0%26cW%3D555%26cH%3D561&amp;brizy_post=182\" alt=\"\" loading=\"lazy\" \/><\/div>\n<\/div>\n<div class=\"brz-css-gbvqd brz-css-karbl brz-css-ltihm brz-wrapper\">\n<div class=\"brz-spacer brz-css-wzcpo brz-css-fjash\"><\/div>\n<\/div>\n<\/div>\n<\/div>\n<\/div>\n<\/div>\n<\/div>\n<\/div>\n<\/section>\n<section data-uid=\"zyiowtzxrcizanmqkqrveohdgbyixdilgrgl\" id=\"zyiowtzxrcizanmqkqrveohdgbyixdilgrgl\" class=\"brz-section brz-css-xjvur\">\n<div class=\"brz-section__content brz-section--boxed brz-css-iscil brz-css-qqxes\" data-custom-id=\"oxebywgfqheltdokgwyldfmjnhuuvddnafxg\">\n<div class=\"brz-container brz-css-sytes\">\n<div class=\"brz-row__container brz-css-mxpjs brz-css-mtsqp\" data-custom-id=\"xitwxkjlzejkfmzbkfvnulwjisazuytnkfoo\">\n<div class=\"brz-row brz-css-iesmb brz-css-jelfz\">\n<div class=\"brz-columns brz-css-acjuy brz-css-zjblu\" data-custom-id=\"powehczelszqzawdgljwkydyvqbfpptkkglt\">\n<div class=\"brz-column__items brz-css-sgqhi brz-css-wwgaa\">\n<div class=\"brz-css-gbvqd brz-css-bkqem brz-wrapper\">\n<div class=\"brz-icon-text brz-css-bfkat\" data-custom-id=\"njkwzkhqdpguekecodkfylmwirgeihpjtcdc\">\n<div class=\"brz-icon__container\" data-custom-id=\"allovaidkedidemhnladgyvyuldchxvfdvgr\"><span class=\"brz-span brz-icon css-uonfts\"><\/span><\/div>\n<div class=\"brz-text-btn\">\n<div class=\"brz-rich-text brz-css-zoloa\" data-custom-id=\"niyfwxvyjgnimohkztsgzrblgnmfnocitacu\">\n<div>\n<h4 class=\"brz-css-ycwdp\" data-uniq-id=\"gbfgi\" data-generated-css=\"brz-css-yrcrh\"><span>Telefone<\/span><\/h4>\n<p class=\"brz-css-ieevp\" data-uniq-id=\"hyini\" data-generated-css=\"brz-css-wwvmf\"><span class=\"brz-cp-color7\">+351 924 689 219<\/span><\/p>\n<\/div>\n<\/div>\n<\/div>\n<\/div>\n<\/div>\n<div class=\"brz-css-gbvqd brz-css-karbl brz-css-zxxxc brz-wrapper\">\n<div class=\"brz-spacer brz-css-wzcpo brz-css-acnmi\"><\/div>\n<\/div>\n<div class=\"brz-css-gbvqd brz-css-vrruz brz-wrapper\">\n<div class=\"brz-icon-text brz-css-bfkat\" data-custom-id=\"qwbzjzuajgzouknpwgdvhnjwnllgsmrfpmnh\">\n<div class=\"brz-icon__container\" data-custom-id=\"qwsxgbrzacziahttrkbqbtmqtxysgaiafahq\"><span class=\"brz-span brz-icon css-1dehljr\"><\/span><\/div>\n<div class=\"brz-text-btn\">\n<div class=\"brz-rich-text brz-css-zoloa\" data-custom-id=\"smuydhozbdnsckqkhfryqlzdnzqtmcnehmdi\">\n<div>\n<h4 class=\"brz-css-hqwhw\" data-uniq-id=\"cpqjx\" data-generated-css=\"brz-css-unkud\"><span>Mail<\/span><\/h4>\n<p class=\"brz-css-lkcxq\" data-uniq-id=\"mwloi\" data-generated-css=\"brz-css-qssut\"><span class=\"brz-cp-color7\">orcamentos@arestasdiretas.com<\/span><\/p>\n<\/div>\n<\/div>\n<\/div>\n<\/div>\n<\/div>\n<div class=\"brz-css-gbvqd brz-css-karbl brz-css-kcstc brz-wrapper\">\n<div class=\"brz-spacer brz-css-wzcpo brz-css-quyil\"><\/div>\n<\/div>\n<\/div>\n<\/div>\n<div class=\"brz-columns brz-css-acjuy brz-css-pwkln\" data-custom-id=\"sfvohesfckrwzhzkuvwkcefwldodwgwojlfu\">\n<div class=\"brz-column__items brz-css-sgqhi brz-css-uzzwp\">\n<div class=\"brz-css-gbvqd brz-wrapper\">\n<div class=\"brz-rich-text brz-css-zoloa\" data-custom-id=\"rabefgufqqoksfmvesydbrgogsycxxylqlea\">\n<div>\n<h2 class=\"brz-css-theum\" data-uniq-id=\"euczu\" data-generated-css=\"brz-css-hnqev\"><span>Pe\u00e7a um or\u00e7amento de aluguer de m\u00e1quinas<\/span><\/h2>\n<\/div>\n<\/div>\n<\/div>\n<div class=\"brz-css-gbvqd brz-css-karbl brz-css-mlhjq brz-wrapper\">\n<div class=\"brz-spacer brz-css-wzcpo brz-css-onvoi\"><\/div>\n<\/div>\n<div class=\"brz-css-gbvqd brz-wrapper\">\n<div data-form-version=\"2\" class=\"brz-forms2 brz-css-fkbuv brz-css-erwhv\" data-custom-id=\"uduyqreovntayghkbujsuatoptcoqawxkvga\">\n<div class=\"brz-forms2__item brz-css-izwsa brz-css-imqts brz-css-ktpbx brz-css-pelrd\"><\/div>\n<div class=\"brz-forms2__item brz-css-izwsa brz-css-imqts brz-css-ktpbx brz-css-xmeik\"><\/div>\n<div class=\"brz-forms2__item brz-css-izwsa brz-css-imqts brz-css-ktpbx brz-css-xizen\"><textarea id=\"cwkpdumdvunnyjpsdvuckhxojszfrsigrjqd\" name=\"ebtoqwemblztmmazhtzgweoqkemwnecrksws\" data-type=\"Paragraph\" data-label=\"Fale connosco\" data-placeholder=\"Fale connosco\" class=\"brz-textarea brz-forms2__field brz-forms2__field-paragraph\"><\/textarea><\/div>\n<div class=\"brz-forms2 brz-forms2__item brz-forms2__item-button\"><button class=\"brz-btn brz-btn-submit brz-css-ufpqf brz-css-oqwum\" data-custom-id=\"fnciljtmcpsxnhoculphymhnzxcqmzfnhycb\"> <span class=\"brz-span brz-text__editor\">ENVIAR<\/span><\/button><\/div>\n<\/div>\n<\/div>\n<\/div>\n<\/div>\n<\/div>\n<\/div>\n<\/div>\n<\/div>\n<\/section>\n<section data-uid=\"zdyrfwmqpnkijhmujrnoxoegoqbxltxrobqx\" id=\"zdyrfwmqpnkijhmujrnoxoegoqbxltxrobqx\" class=\"brz-section brz-css-xjvur\">\n<div class=\"brz-section__content brz-section--boxed brz-css-iscil brz-css-occgd\" data-custom-id=\"uqdcjirlfpdblwituadgxyfsldddapwjzajl\">\n<div class=\"brz-bg\">\n<div class=\"brz-bg-color\"><\/div>\n<\/div>\n<div class=\"brz-container brz-css-sytes\">\n<div class=\"brz-css-gbvqd brz-wrapper\">\n<div class=\"brz-rich-text brz-css-zoloa\" data-custom-id=\"mnumnbqcckvivnodjguqugvuicuulyegmbqo\">\n<div>\n<p class=\"brz-css-qvgfo\" data-generated-css=\"brz-css-wqmsi\" data-uniq-id=\"glefy\"><span class=\"brz-cp-color8\">ARESTAS DIRETAS | <\/span><a href=\"http:\/\/arestasdiretas.com\/index.php\/politica-de-uso-e\/\" class=\"link--external brz-cp-color8\" data-brz-link-type=\"external\"><u>TERMOS DE POL\u00cdTICA E USO DE PRIVACIDADE<\/u><\/a><\/p>\n<\/div>\n<\/div>\n<\/div>\n<\/div>\n<\/div>\n<\/section>\n<\/div>\n<p><!-- version:1635287174 --><\/p>\n","protected":false},"excerpt":{"rendered":"<p>ARESTAS DIRETAS SERVI\u00c7OS RENT ARESTAS DIRETAS RENT | SOLU\u00c7\u00d5ES DE ALUGUER PARA A SUA OBRA Telefone +351 924 689 219 Mail orcamentos@arestasdiretas.com Pe\u00e7a um or\u00e7amento de aluguer de m\u00e1quinas ENVIAR ARESTAS DIRETAS | TERMOS DE POL\u00cdTICA E USO DE PRIVACIDADE<\/p>\n","protected":false},"author":1,"featured_media":0,"parent":0,"menu_order":0,"comment_status":"closed","ping_status":"closed","template":"brizy-blank-template.php","meta":[],"_links":{"self":[{"href":"https:\/\/arestasdiretas.com\/index.php\/wp-json\/wp\/v2\/pages\/182"}],"collection":[{"href":"https:\/\/arestasdiretas.com\/index.php\/wp-json\/wp\/v2\/pages"}],"about":[{"href":"https:\/\/arestasdiretas.com\/index.php\/wp-json\/wp\/v2\/types\/page"}],"author":[{"embeddable":true,"href":"https:\/\/arestasdiretas.com\/index.php\/wp-json\/wp\/v2\/users\/1"}],"replies":[{"embeddable":true,"href":"https:\/\/arestasdiretas.com\/index.php\/wp-json\/wp\/v2\/comments?post=182"}],"version-history":[{"count":12,"href":"https:\/\/arestasdiretas.com\/index.php\/wp-json\/wp\/v2\/pages\/182\/revisions"}],"predecessor-version":[{"id":239,"href":"https:\/\/arestasdiretas.com\/index.php\/wp-json\/wp\/v2\/pages\/182\/revisions\/239"}],"wp:attachment":[{"href":"https:\/\/arestasdiretas.com\/index.php\/wp-json\/wp\/v2\/media?parent=182"}],"curies":[{"name":"wp","href":"https:\/\/api.w.org\/{rel}","templated":true}]}}